{"id":37,"date":"2024-02-26T10:51:50","date_gmt":"2024-02-26T10:51:50","guid":{"rendered":"https:\/\/orsolyaban.hu\/?page_id=37"},"modified":"2024-02-26T10:52:32","modified_gmt":"2024-02-26T10:52:32","slug":"ez-egy-uj-wordpress-oldal","status":"publish","type":"page","link":"https:\/\/orsolyaban.hu\/index.php\/ez-egy-uj-wordpress-oldal\/","title":{"rendered":"Ez egy \u00faj wordpress oldal"},"content":{"rendered":"\n<p>Ez pedig a tartalom<\/p>\n\n\n\n<h2 class=\"wp-block-heading\">Itt j\u00f6nnek a k\u00e9pek<\/h2>\n\n\n\n<p>n\u00e9zd meg a k\u00e9peket<\/p>\n\n\n\n<figure class=\"wp-block-image size-full\"><a href=\"https:\/\/orsolyaban.hu\/wp-content\/uploads\/2024\/02\/card-blog1.jpg\"><img loading=\"lazy\" decoding=\"async\" width=\"800\" height=\"533\" src=\"https:\/\/orsolyaban.hu\/wp-content\/uploads\/2024\/02\/card-blog1.jpg\" alt=\"\" class=\"wp-image-9\" srcset=\"https:\/\/orsolyaban.hu\/wp-content\/uploads\/2024\/02\/card-blog1.jpg 800w, https:\/\/orsolyaban.hu\/wp-content\/uploads\/2024\/02\/card-blog1-300x200.jpg 300w, https:\/\/orsolyaban.hu\/wp-content\/uploads\/2024\/02\/card-blog1-768x512.jpg 768w, https:\/\/orsolyaban.hu\/wp-content\/uploads\/2024\/02\/card-blog1-360x240.jpg 360w\" sizes=\"auto, (max-width: 800px) 100vw, 800px\" \/><\/a><\/figure>\n","protected":false},"excerpt":{"rendered":"<p>Ez pedig a tartalom Itt j\u00f6nnek a k\u00e9pek n\u00e9zd meg a k\u00e9peket<\/p>\n","protected":false},"author":1,"featured_media":0,"parent":0,"menu_order":0,"comment_status":"closed","ping_status":"closed","template":"","meta":{"footnotes":""},"class_list":["post-37","page","type-page","status-publish","hentry"],"_links":{"self":[{"href":"https:\/\/orsolyaban.hu\/index.php\/wp-json\/wp\/v2\/pages\/37","targetHints":{"allow":["GET"]}}],"collection":[{"href":"https:\/\/orsolyaban.hu\/index.php\/wp-json\/wp\/v2\/pages"}],"about":[{"href":"https:\/\/orsolyaban.hu\/index.php\/wp-json\/wp\/v2\/types\/page"}],"author":[{"embeddable":true,"href":"https:\/\/orsolyaban.hu\/index.php\/wp-json\/wp\/v2\/users\/1"}],"replies":[{"embeddable":true,"href":"https:\/\/orsolyaban.hu\/index.php\/wp-json\/wp\/v2\/comments?post=37"}],"version-history":[{"count":3,"href":"https:\/\/orsolyaban.hu\/index.php\/wp-json\/wp\/v2\/pages\/37\/revisions"}],"predecessor-version":[{"id":40,"href":"https:\/\/orsolyaban.hu\/index.php\/wp-json\/wp\/v2\/pages\/37\/revisions\/40"}],"wp:attachment":[{"href":"https:\/\/orsolyaban.hu\/index.php\/wp-json\/wp\/v2\/media?parent=37"}],"curies":[{"name":"wp","href":"https:\/\/api.w.org\/{rel}","templated":true}]}}